{"id":85,"date":"2024-11-28T19:25:37","date_gmt":"2024-11-28T19:25:37","guid":{"rendered":"https:\/\/handballaaaj.com.ar\/?page_id=85"},"modified":"2024-12-05T17:34:30","modified_gmt":"2024-12-05T17:34:30","slug":"skt-roofing-lite-2","status":"publish","type":"page","link":"https:\/\/handballaaaj.com.ar\/?page_id=85","title":{"rendered":"Informaci\u00f3n Deportiva"},"content":{"rendered":"<div class=\"text-area single-main-content\">\n<p><strong>El handball de Argentinos Juniors cerr\u00f3 un excelente primer semestre de 2024: campeonatos, jugadores en proceso de selecci\u00f3n, pases al exterior, un par de r\u00e9cords y un crecimiento sostenido.<\/strong><\/p>\n<p>Por fortuna se volvi\u00f3 habitual compartir buenas noticias en lo referido a nuestro handball. No solamente es una actividad en constante crecimiento y una de las que m\u00e1s socias y socios re\u00fane en el Polideportivo. Es tambi\u00e9n un ejemplo de organizaci\u00f3n y de crecimiento planificado que da frutos que est\u00e1n bien visibles.<\/p>\n<p><strong><i>\u00a1Campeones!<br \/>\n<\/i><\/strong>Siempre es grato comenzar hablando de un campeonato. Y m\u00e1s todav\u00eda si se obtuvo de la mano de gente de la casa que forma parte de la actividad hace a\u00f1os. Es el caso del equipo masculino sub-21 conducido por Ariel Moria. Nuestro querido \u201cChino\u201d llev\u00f3 la batuta del plantel que obtuvo este t\u00edtulo por primera vez para un equipo masculino en los casi 40 a\u00f1os que transcurrieron desde que se inici\u00f3 la pr\u00e1ctica de este deporte en nuestro club. Si bien Ariel es alguien muy conocido en el seno de la actividad por sus a\u00f1os en el club y su apego al trabajo, cabe destacar su perfil como entrenador. Habiendo dejado la pr\u00e1ctica del deporte por una lesi\u00f3n siendo joven, de inmediato se incorpor\u00f3 como director t\u00e9cnico. Desde entonces, tiene seis a\u00f1os de experiencia y lleva dos temporadas al frente de este plantel que acaba de consagrarse campe\u00f3n. Cabe destacar que adem\u00e1s este equipo es el primero que atraves\u00f3 todas las categor\u00edas formativas en el club a partir de la sub-14.<\/p>\n<p>Consultado al respecto, nos comparti\u00f3 su enorme regocijo por semejante logro. Sin embargo, puso por delante la labor del equipo. Sin dejar atr\u00e1s su perfil formador, acentu\u00f3 en el enorme compromiso mostrado por el plantel a lo largo del torneo. Sucesivas lesiones condujeron a cierta ca\u00edda en el rendimiento promediando la competencia. A pesar de eso, las ganas y el esfuerzo, sumados al empe\u00f1o en brindarse siempre por entero al equipo, permitieron superar ese momento cuesta arriba y quedarse con el premio mayor. En l\u00ednea con esto, opina que el principal logro del equipo fue poder cambiar la mentalidad y madurar a nivel colectivo asumiendo nuevas y mayores responsabilidades.<\/p>\n<p>A nivel del cuerpo t\u00e9cnico, nos destac\u00f3 como el principal desaf\u00edo el de lograr construir la confianza en s\u00ed mismo de un plantel con mucho potencial. Para ello reposaron en un sistema de trabajo orientado a brindar a sus jugadores las herramientas necesarias y los fundamentos para enfrentar y resolver favorablemente las distintas situaciones que se presentan en la competencia. Como queda claro por el \u00f3ptimo final del torneo, ese trabajo lleg\u00f3 a buen puerto. Con la enorme humildad que lo caracteriza, Ariel se mostr\u00f3 orgulloso de haber estado al mando de un equipo de jugadores que logr\u00f3 algo in\u00e9dito para la rama masculina de la disciplina. Precisamente por ese car\u00e1cter hist\u00f3rico, estima que ser\u00e1 un logro que adquirir\u00e1 mayor dimensi\u00f3n de aqu\u00ed a unos a\u00f1os. Desde lo personal, dej\u00f3 un agradecimiento particular a Andr\u00e9s Lee por haberlo sumado como entrenador y sostenido su proyecto. Tambi\u00e9n mencion\u00f3 con especial gratitud al hist\u00f3rico Tony V\u00e1zquez, pionero del handball en nuestro club desde hace 40 a\u00f1os.<\/p>\n<p><i><strong>Alan Perznianko y Mateo Gim\u00e9nez Villa, en el mundial sub-21<\/strong><br \/>\n<\/i>El arquero Alan Perznianko y el extremo derecho Mateo Gim\u00e9nez Villa no s\u00f3lo se consagraron con este equipo, sino que tambi\u00e9n formaron parte del seleccionado nacional sub-21 que viaj\u00f3 a Grecia para disputar el mundial de la categor\u00eda. Previo paso por Espa\u00f1a para una serie de amistosos, llegaron a tierras hel\u00e9nicas el 19 de junio. All\u00ed hicieron frente a una dura prueba, ya que quedaron agrupados con tres respetables seleccionados del viejo continente: Hungr\u00eda (a la postre, subcampe\u00f3n de la competencia), Dinamarca y Noruega. Si bien cayeron en los tres partidos, las diferencias fueron exiguas y los partidos se dieron de igual a igual.<\/p>\n<p>Al quedar clasificados por debajo del puesto 16, tuvieron el derecho a disputar la Copa Presidente. All\u00ed enfrentaron a Eslovenia, Groenlandia, Chile y Cuba. S\u00f3lo cayeron por la m\u00ednima ante los eslovenos y luego hilvanaron tres victorias consecutivas para cerrar su participaci\u00f3n con un balance sumamente positivo. No s\u00f3lo se plantaron de igual a igual ante potencias de este deporte (incluyendo una buena victoria ante Espa\u00f1a en la previa). Adem\u00e1s forjaron un excelente grupo humano, que pudo plasmar ese compa\u00f1erismo y ese v\u00ednculo fraternal dentro del campo de juego.<\/p>\n<p>M\u00e1s all\u00e1 de los m\u00e9ritos individuales que realiz\u00f3 para conseguir ser de la partida, Alan destaca el apoyo constante y los buenos consejos recibidos a lo largo del proceso de selecci\u00f3n por parte de sus compa\u00f1eros y entrenadores en Argentinos Juniors. Al mejor estilo de Ariel Mor\u00eda, \u00e9l tambi\u00e9n ya forma parte de los cuerpos t\u00e9cnicos de nuestros equipos. En su caso, trabaja junto a Tony V\u00e1zquez, quien tambi\u00e9n fue responsable de su formaci\u00f3n y a quien, al igual que Mateo, reconoce y agradece antes que a nadie por haberlo llevado bajo su ala en todo su proceso deportivo.<\/p>\n<p><i><strong>El handball femenino tambi\u00e9n se destaca<\/strong><br \/>\n<\/i>El equipo femenino sub-21 tambi\u00e9n cerr\u00f3 un semestre satisfactorio. En su caso, nuestras jugadoras lograron el subcampeonato en el torneo Apertura. Este logro se alcanz\u00f3 luego de un torneo muy re\u00f1ido y de un triunfo en la \u00faltima jornada ante S. E. D. A. L. O., una de las grandes potencias del handball metropolitano.<\/p>\n<p><strong><i>R\u00e9cord de jugadoras y jugadores en el exterior<br \/>\n<\/i><\/strong>Al igual que ocurre en el f\u00fatbol profesional, la actividad m\u00e1s antigua del club, el handball tambi\u00e9n se est\u00e1 consolidando como un aut\u00e9ntico semillero de nivel internacional. Actualmente, 7 jugadoras y 7 jugadores surgidos de nuestra cantera han dado el salto al handball europeo y se encuentran en equipos de las ligas de Italia y Espa\u00f1a. Uno de los ejemplos m\u00e1s destacados es el de Martina Hoh, quien luego de una destacada trayectoria en todas las categor\u00edas de nuestro club, consigui\u00f3 recientemente su lugar en el HSV Solingen-Gr\u00e4frath. Se trata de la primera jugadora argentina en llegar al competitivo handball alem\u00e1n, estableciendo as\u00ed otro moj\u00f3n en la historia de nuestra actividad. Nuevamente, Argentinos se sit\u00faa en los primeros planos a nivel nacional de la mano de una de sus embajadoras m\u00e1s destacadas de los \u00faltimos a\u00f1os.<\/p>\n<\/div>\n<div class=\"single-footer\">\n<div class=\"post-footer-info text-white\">\n<div class=\"wrap\">\n<div class=\"bg-color\" data-color=\"#3d3d3d\"><\/div>\n<div class=\"img\"><\/div>\n<\/div>\n<\/div>\n<\/div>\n","protected":false},"excerpt":{"rendered":"<p>El handball de Argentinos Juniors cerr\u00f3 un excelente primer semestre de 2024: campeonatos, jugadores en proceso de selecci\u00f3n, pases al exterior, un par de r\u00e9cords y un crecimiento sostenido. Por fortuna se volvi\u00f3 habitual compartir buenas noticias en lo referido a nuestro handball. No solamente es una actividad en constante crecimiento y una de las [&hellip;]<\/p>\n","protected":false},"author":1,"featured_media":299,"parent":136,"menu_order":0,"comment_status":"closed","ping_status":"closed","template":"","meta":{"_eb_attr":"","footnotes":""},"class_list":["post-85","page","type-page","status-publish","has-post-thumbnail","hentry"],"_links":{"self":[{"href":"https:\/\/handballaaaj.com.ar\/index.php?rest_route=\/wp\/v2\/pages\/85","targetHints":{"allow":["GET"]}}],"collection":[{"href":"https:\/\/handballaaaj.com.ar\/index.php?rest_route=\/wp\/v2\/pages"}],"about":[{"href":"https:\/\/handballaaaj.com.ar\/index.php?rest_route=\/wp\/v2\/types\/page"}],"author":[{"embeddable":true,"href":"https:\/\/handballaaaj.com.ar\/index.php?rest_route=\/wp\/v2\/users\/1"}],"replies":[{"embeddable":true,"href":"https:\/\/handballaaaj.com.ar\/index.php?rest_route=%2Fwp%2Fv2%2Fcomments&post=85"}],"version-history":[{"count":23,"href":"https:\/\/handballaaaj.com.ar\/index.php?rest_route=\/wp\/v2\/pages\/85\/revisions"}],"predecessor-version":[{"id":300,"href":"https:\/\/handballaaaj.com.ar\/index.php?rest_route=\/wp\/v2\/pages\/85\/revisions\/300"}],"up":[{"embeddable":true,"href":"https:\/\/handballaaaj.com.ar\/index.php?rest_route=\/wp\/v2\/pages\/136"}],"wp:featuredmedia":[{"embeddable":true,"href":"https:\/\/handballaaaj.com.ar\/index.php?rest_route=\/wp\/v2\/media\/299"}],"wp:attachment":[{"href":"https:\/\/handballaaaj.com.ar\/index.php?rest_route=%2Fwp%2Fv2%2Fmedia&parent=85"}],"curies":[{"name":"wp","href":"https:\/\/api.w.org\/{rel}","templated":true}]}}