{"id":146,"date":"2024-12-04T23:43:41","date_gmt":"2024-12-04T23:43:41","guid":{"rendered":"https:\/\/handballaaaj.com.ar\/?page_id=146"},"modified":"2024-12-05T00:56:45","modified_gmt":"2024-12-05T00:56:45","slug":"play-like-a-champion-today-3","status":"publish","type":"page","link":"https:\/\/handballaaaj.com.ar\/?page_id=146","title":{"rendered":"NUESTRA VISI\u00d3N"},"content":{"rendered":"<p>Ser el Club de Handball que promueva la formaci\u00f3n de jugadores de alto rendimiento, competitivos y completos desde sus aspectos t\u00e9cnicos &#8211; tacticos, sociales y psicol\u00f3gicos, buscando el posicionamiento de equipos deportivos a nivel nacional y la exportacion de jugadores internacionalmente.<\/p>\n","protected":false},"excerpt":{"rendered":"<p>Ser el Club de Handball que promueva la formaci\u00f3n de jugadores de alto rendimiento, competitivos y completos desde sus aspectos t\u00e9cnicos &#8211; tacticos, sociales y psicol\u00f3gicos, buscando el posicionamiento de equipos deportivos a nivel nacional y la exportacion de jugadores internacionalmente.<\/p>\n","protected":false},"author":1,"featured_media":211,"parent":0,"menu_order":0,"comment_status":"closed","ping_status":"closed","template":"","meta":{"_eb_attr":"","footnotes":""},"class_list":["post-146","page","type-page","status-publish","has-post-thumbnail","hentry"],"_links":{"self":[{"href":"https:\/\/handballaaaj.com.ar\/index.php?rest_route=\/wp\/v2\/pages\/146","targetHints":{"allow":["GET"]}}],"collection":[{"href":"https:\/\/handballaaaj.com.ar\/index.php?rest_route=\/wp\/v2\/pages"}],"about":[{"href":"https:\/\/handballaaaj.com.ar\/index.php?rest_route=\/wp\/v2\/types\/page"}],"author":[{"embeddable":true,"href":"https:\/\/handballaaaj.com.ar\/index.php?rest_route=\/wp\/v2\/users\/1"}],"replies":[{"embeddable":true,"href":"https:\/\/handballaaaj.com.ar\/index.php?rest_route=%2Fwp%2Fv2%2Fcomments&post=146"}],"version-history":[{"count":2,"href":"https:\/\/handballaaaj.com.ar\/index.php?rest_route=\/wp\/v2\/pages\/146\/revisions"}],"predecessor-version":[{"id":212,"href":"https:\/\/handballaaaj.com.ar\/index.php?rest_route=\/wp\/v2\/pages\/146\/revisions\/212"}],"wp:featuredmedia":[{"embeddable":true,"href":"https:\/\/handballaaaj.com.ar\/index.php?rest_route=\/wp\/v2\/media\/211"}],"wp:attachment":[{"href":"https:\/\/handballaaaj.com.ar\/index.php?rest_route=%2Fwp%2Fv2%2Fmedia&parent=146"}],"curies":[{"name":"wp","href":"https:\/\/api.w.org\/{rel}","templated":true}]}}