{"id":144,"date":"2024-12-04T23:43:39","date_gmt":"2024-12-04T23:43:39","guid":{"rendered":"https:\/\/handballaaaj.com.ar\/?page_id=144"},"modified":"2024-12-05T14:47:13","modified_gmt":"2024-12-05T14:47:13","slug":"play-like-a-champion-today-2","status":"publish","type":"page","link":"https:\/\/handballaaaj.com.ar\/?page_id=144","title":{"rendered":"NUESTRO OBJETIVO"},"content":{"rendered":"<p>Promover mediante Handball Argentinos Juniors, la actividad deportiva como filosof\u00eda de vida.<!--more--><\/p>\n<p><strong>OBJETIVOS ESPEC\u00cdFICOS:<\/strong><\/p>\n<p><strong>Institucionales:<\/strong><\/p>\n<p>\u25cf Lograr una mayor influencia en las instituciones relacionadas con Handball, tanto hacia el exterior de la AAAJ, como al interior del club.<\/p>\n<p>\u25cf Buscar alcanzar la autonom\u00eda administrativa, tanto como en la toma de decisiones.<\/p>\n<p>\u25cf Desarrollar actividades solidarias que permitan el establecimiento de v\u00ednculos de cooperaci\u00f3n y apoyo entre los miembros de y con la comunidad.<\/p>\n<p>\u25cf Promover actividades complementarias: televisaci\u00f3n, filmaci\u00f3n de los entrenamientos, etc., que acompa\u00f1an el desarrollo y crecimiento de la actividad.<\/p>\n<p>\u25cf Generar y desarrollar el marketing propio de la actividad de Handball AAAJ, lo cual permitir\u00e1 la promoci\u00f3n de sus acciones y extender su conocimiento entre el p\u00fablico.<\/p>\n<p><strong>Deportivos:<\/strong><\/p>\n<p>\u25cf Mejorar el estado de infraestructura utilizada para el entrenamiento y la pr\u00e1ctica deportiva.<\/p>\n<p>\u25cf Lograr la valoraci\u00f3n y la interconexi\u00f3n en las diferentes categor\u00edas.<\/p>\n<p>\u25cf Promover el desarrollo psicomotriz, psicol\u00f3gico y social que se desprende de la pr\u00e1ctica y entrenamiento deportivo.<\/p>\n<p>\u25cf Estimular la continuidad en la pr\u00e1ctica del deporte, comenzando desde edades tempranas hasta edades avanzadas.<\/p>\n<p>\u25cf Fomentar, mediante acciones de promoci\u00f3n, el crecimiento cuantitativo de jugadores.<\/p>\n<p>\u25cf Desarrollar espacios de capacitaci\u00f3n y formaci\u00f3n integral t\u00e9cnica-pedag\u00f3gica para Directores T\u00e9cnicos, Entrenadores y jugadores, lo cual promueva la educaci\u00f3n y la ense\u00f1anza desde la dedicaci\u00f3n ejemplar.<\/p>\n","protected":false},"excerpt":{"rendered":"<p>Promover mediante Handball Argentinos Juniors, la actividad deportiva como filosof\u00eda de vida.<\/p>\n","protected":false},"author":1,"featured_media":206,"parent":0,"menu_order":0,"comment_status":"closed","ping_status":"closed","template":"","meta":{"_eb_attr":"","footnotes":""},"class_list":["post-144","page","type-page","status-publish","has-post-thumbnail","hentry"],"_links":{"self":[{"href":"https:\/\/handballaaaj.com.ar\/index.php?rest_route=\/wp\/v2\/pages\/144","targetHints":{"allow":["GET"]}}],"collection":[{"href":"https:\/\/handballaaaj.com.ar\/index.php?rest_route=\/wp\/v2\/pages"}],"about":[{"href":"https:\/\/handballaaaj.com.ar\/index.php?rest_route=\/wp\/v2\/types\/page"}],"author":[{"embeddable":true,"href":"https:\/\/handballaaaj.com.ar\/index.php?rest_route=\/wp\/v2\/users\/1"}],"replies":[{"embeddable":true,"href":"https:\/\/handballaaaj.com.ar\/index.php?rest_route=%2Fwp%2Fv2%2Fcomments&post=144"}],"version-history":[{"count":4,"href":"https:\/\/handballaaaj.com.ar\/index.php?rest_route=\/wp\/v2\/pages\/144\/revisions"}],"predecessor-version":[{"id":242,"href":"https:\/\/handballaaaj.com.ar\/index.php?rest_route=\/wp\/v2\/pages\/144\/revisions\/242"}],"wp:featuredmedia":[{"embeddable":true,"href":"https:\/\/handballaaaj.com.ar\/index.php?rest_route=\/wp\/v2\/media\/206"}],"wp:attachment":[{"href":"https:\/\/handballaaaj.com.ar\/index.php?rest_route=%2Fwp%2Fv2%2Fmedia&parent=144"}],"curies":[{"name":"wp","href":"https:\/\/api.w.org\/{rel}","templated":true}]}}